{"id":50,"date":"2025-03-10T17:44:04","date_gmt":"2025-03-10T16:44:04","guid":{"rendered":"https:\/\/www.sqlinside.com\/?page_id=50"},"modified":"2025-04-13T11:50:39","modified_gmt":"2025-04-13T09:50:39","slug":"home","status":"publish","type":"page","link":"https:\/\/www.sqlinside.com\/","title":{"rendered":"Home"},"content":{"rendered":"\n<div class=\"wp-block-cover alignfull\" style=\"min-height:700px;aspect-ratio:unset;\"><span aria-hidden=\"true\" class=\"wp-block-cover__background has-background-dim-60 has-background-dim\" style=\"background-color:#543d3a\"><\/span><img loading=\"lazy\" decoding=\"async\" width=\"1024\" height=\"1024\" class=\"wp-block-cover__image-background wp-image-68\" alt=\"\" src=\"https:\/\/www.sqlinside.com\/wp\/wp-content\/uploads\/2025\/03\/DataAI.jpg\" data-object-fit=\"cover\" srcset=\"https:\/\/www.sqlinside.com\/wp\/wp-content\/uploads\/2025\/03\/DataAI.jpg 1024w, https:\/\/www.sqlinside.com\/wp\/wp-content\/uploads\/2025\/03\/DataAI-300x300.jpg 300w, https:\/\/www.sqlinside.com\/wp\/wp-content\/uploads\/2025\/03\/DataAI-150x150.jpg 150w, https:\/\/www.sqlinside.com\/wp\/wp-content\/uploads\/2025\/03\/DataAI-768x768.jpg 768w\" sizes=\"auto, (max-width: 1024px) 100vw, 1024px\" \/><div class=\"wp-block-cover__inner-container is-layout-flow wp-block-cover-is-layout-flow\">\n<div style=\"height:140px\" aria-hidden=\"true\" class=\"wp-block-spacer\"><\/div>\n\n\n\n<h2 class=\"wp-block-heading has-text-align-center has-nv-site-bg-color has-text-color has-medium-font-size\"><em>Non sono i numeri a definirci, ma la capacit\u00e0 di scoprire il significato che si cela dietro di essi.<\/em><\/h2>\n\n\n\n<p class=\"has-text-align-center has-nv-site-bg-color has-text-color\" style=\"font-size:clamp(14px, 0.875rem + ((1vw - 3.2px) * 0.306), 17px);\">La filosofia \u00e8 scritta in questo grandissimo libro che continuamente ci sta aperto innanzi a gli occhi (io dico l&#8217;universo), ma non si pu\u00f2 intendere se prima non s&#8217;impara a intender la lingua, e conoscer i caratteri, ne&#8217; quali \u00e8 scritto. Egli \u00e8 scritto in lingua matematica, e i caratteri son triangoli, cerchi, ed altre figure geometriche, senza i quali mezi \u00e8 impossibile a intenderne umanamente parola; senza questi \u00e8 un aggirarsi vanamente per un oscuro laberinto. [Galileo Galilei, Libro della natura]<\/p>\n\n\n\n<div class=\"wp-block-buttons is-horizontal is-content-justification-center is-layout-flex wp-container-core-buttons-is-layout-03627597 wp-block-buttons-is-layout-flex\"><\/div>\n\n\n\n<div style=\"height:60px\" aria-hidden=\"true\" class=\"wp-block-spacer\"><\/div>\n\n\n\n<p class=\"has-text-align-center\"><\/p>\n\n\n\n<div style=\"height:40px\" aria-hidden=\"true\" class=\"wp-block-spacer\"><\/div>\n<\/div><\/div>\n\n\n\n<div class=\"wp-block-columns is-layout-flex wp-container-core-columns-is-layout-28f84493 wp-block-columns-is-layout-flex\">\n<div class=\"wp-block-column is-layout-flow wp-block-column-is-layout-flow\">\n<div style=\"height:20px\" aria-hidden=\"true\" class=\"wp-block-spacer\"><\/div>\n\n\n\n<p class=\"has-text-align-center has-x-large-font-size\">\u23f0<\/p>\n\n\n\n<h3 class=\"wp-block-heading has-text-align-center has-neve-text-color-color has-text-color\">Receive on time<\/h3>\n\n\n\n<p class=\"has-text-align-center\">Lorem ipsum dolor sit amet elit do, consectetur adipiscing, sed eiusmod tempor.<\/p>\n\n\n\n<p class=\"has-text-align-center\"><a href=\"#\">discover more \u203a<\/a><\/p>\n\n\n\n<div style=\"height:20px\" aria-hidden=\"true\" class=\"wp-block-spacer\"><\/div>\n<\/div>\n\n\n\n<div class=\"wp-block-column is-layout-flow wp-block-column-is-layout-flow\">\n<div style=\"height:20px\" aria-hidden=\"true\" class=\"wp-block-spacer\"><\/div>\n\n\n\n<p class=\"has-text-align-center has-x-large-font-size\">\ud83d\ude80<\/p>\n\n\n\n<h3 class=\"wp-block-heading has-text-align-center has-neve-text-color-color has-text-color\">Fast work turnaround<\/h3>\n\n\n\n<p class=\"has-text-align-center\">Lorem ipsum dolor sit amet elit do, consectetur adipiscing, sed eiusmod tempor.<\/p>\n\n\n\n<p class=\"has-text-align-center\"><a href=\"#\">discover more \u203a<\/a><\/p>\n\n\n\n<div style=\"height:20px\" aria-hidden=\"true\" class=\"wp-block-spacer\"><\/div>\n<\/div>\n<\/div>\n\n\n\n<p><\/p>\n","protected":false},"excerpt":{"rendered":"<p>\u23f0 Receive on time Lorem ipsum dolor sit amet elit do, consectetur adipiscing, sed eiusmod tempor. discover more \u203a \ud83d\ude80 Fast work turnaround Lorem ipsum dolor sit amet elit do, consectetur adipiscing, sed eiusmod tempor. discover more \u203a<\/p>\n","protected":false},"author":1,"featured_media":0,"parent":0,"menu_order":0,"comment_status":"closed","ping_status":"closed","template":"","meta":{"footnotes":""},"class_list":["post-50","page","type-page","status-publish","hentry"],"_links":{"self":[{"href":"https:\/\/www.sqlinside.com\/index.php\/wp-json\/wp\/v2\/pages\/50","targetHints":{"allow":["GET"]}}],"collection":[{"href":"https:\/\/www.sqlinside.com\/index.php\/wp-json\/wp\/v2\/pages"}],"about":[{"href":"https:\/\/www.sqlinside.com\/index.php\/wp-json\/wp\/v2\/types\/page"}],"author":[{"embeddable":true,"href":"https:\/\/www.sqlinside.com\/index.php\/wp-json\/wp\/v2\/users\/1"}],"replies":[{"embeddable":true,"href":"https:\/\/www.sqlinside.com\/index.php\/wp-json\/wp\/v2\/comments?post=50"}],"version-history":[{"count":15,"href":"https:\/\/www.sqlinside.com\/index.php\/wp-json\/wp\/v2\/pages\/50\/revisions"}],"predecessor-version":[{"id":131,"href":"https:\/\/www.sqlinside.com\/index.php\/wp-json\/wp\/v2\/pages\/50\/revisions\/131"}],"wp:attachment":[{"href":"https:\/\/www.sqlinside.com\/index.php\/wp-json\/wp\/v2\/media?parent=50"}],"curies":[{"name":"wp","href":"https:\/\/api.w.org\/{rel}","templated":true}]}}